{"id":733,"date":"2023-11-02T09:48:51","date_gmt":"2023-11-02T13:48:51","guid":{"rendered":"https:\/\/lrhs.swlauriersb.qc.ca\/student-ressources\/library\/"},"modified":"2024-11-01T14:59:40","modified_gmt":"2024-11-01T18:59:40","slug":"bibliotheque","status":"publish","type":"page","link":"https:\/\/lrhs.swlauriersb.qc.ca\/fr\/ressources-eleves\/bibliotheque\/","title":{"rendered":"Biblioth\u00e8que"},"content":{"rendered":"\n<h2 class=\"wp-block-heading has-text-align-center\">COLLECTION DE LA BIBLIOTH\u00c8QUE ET DEMANDE DE PR\u00caT VIRTUELLE<\/h2>\n\n\n\n<p class=\"has-text-align-center\">La collection de la biblioth\u00e8que se compose de documents de divers genres\u00a0: fiction, non-fiction, ouvrages de r\u00e9f\u00e9rence, romans graphiques, et livres audios.<\/p>\n\n\n\n<div class=\"wp-block-buttons is-layout-flex wp-block-buttons-is-layout-flex\">\n<div class=\"wp-block-button has-custom-width wp-block-button__width-100 has-custom-font-size has-medium-font-size\"><a class=\"wp-block-button__link has-background wp-element-button\" href=\"https:\/\/lrhs.swlauriersb.qc.ca\/wp-content\/uploads\/sites\/7\/2023\/12\/LRHS_LIBRARY_Audiobook-Collection-Revised_BIL.pdf\" style=\"background-color:#964224\">LRHS &#8211; Liste des  livres audio<i class=\"icon-arrow-left\"><\/i><\/a><\/div>\n<\/div>\n\n\n\n<p>Elle est en constante croissance et \u00e9volution avec de nouveaux livres ajout\u00e9s r\u00e9guli\u00e8rement.<\/p>\n\n\n\n<div class=\"wp-block-buttons is-layout-flex wp-block-buttons-is-layout-flex\">\n<div class=\"wp-block-button has-custom-width wp-block-button__width-100 has-custom-font-size has-medium-font-size\"><a class=\"wp-block-button__link has-background wp-element-button\" href=\"https:\/\/lrhs.swlauriersb.qc.ca\/wp-content\/uploads\/sites\/7\/2023\/12\/LRHS_LIBRARY_LIBRARYWEBSITE-NEW-BOOKS_FRA.docx\" style=\"background-color:#42827b\">LRHS &#8211; Liste des nouveaux livres disponibles<i class=\"icon-arrow-left\"><\/i><\/a><\/div>\n<\/div>\n\n\n\n<h2 class=\"wp-block-heading has-text-align-center\">NOUVEAU!<\/h2>\n\n\n\n<p class=\"has-text-align-center\">Les \u00e9l\u00e8ves peuvent emprunter un livre de la biblioth\u00e8que en utilisant ce lien&nbsp;: Formulaire de demande de livre.&nbsp; Le livre sera livr\u00e9 \u00e0 leur classe-foyer. Lorsque le pr\u00eat d\u2019un livre de la biblioth\u00e8que arrive \u00e0 \u00e9ch\u00e9ance, les \u00e9l\u00e8ves peuvent le d\u00e9poser dans la bo\u00eete de retour situ\u00e9e \u00e0 l\u2019ext\u00e9rieur de la biblioth\u00e8que.<\/p>\n","protected":false},"excerpt":{"rendered":"<p>COLLECTION DE LA BIBLIOTH\u00c8QUE ET DEMANDE DE PR\u00caT VIRTUELLE La collection de la biblioth\u00e8que se compose de documents de divers genres\u00a0: fiction, non-fiction, ouvrages de r\u00e9f\u00e9rence, romans graphiques, et livres audios. Elle est en constante croissance et \u00e9volution avec de nouveaux livres ajout\u00e9s r\u00e9guli\u00e8rement. NOUVEAU! Les \u00e9l\u00e8ves peuvent emprunter un livre de la biblioth\u00e8que en&hellip;<\/p>\n","protected":false},"author":1,"featured_media":0,"parent":731,"menu_order":0,"comment_status":"closed","ping_status":"closed","template":"","meta":{"_acf_changed":false,"_relevanssi_hide_post":"","_relevanssi_hide_content":"","_relevanssi_pin_for_all":"","_relevanssi_pin_keywords":"","_relevanssi_unpin_keywords":"","_relevanssi_related_keywords":"","_relevanssi_related_include_ids":"","_relevanssi_related_exclude_ids":"","_relevanssi_related_no_append":"","_relevanssi_related_not_related":"","_relevanssi_related_posts":"372,1,302,106,303,304","_relevanssi_noindex_reason":"","footnotes":""},"acf":[],"_links":{"self":[{"href":"https:\/\/lrhs.swlauriersb.qc.ca\/fr\/wp-json\/wp\/v2\/pages\/733"}],"collection":[{"href":"https:\/\/lrhs.swlauriersb.qc.ca\/fr\/wp-json\/wp\/v2\/pages"}],"about":[{"href":"https:\/\/lrhs.swlauriersb.qc.ca\/fr\/wp-json\/wp\/v2\/types\/page"}],"author":[{"embeddable":true,"href":"https:\/\/lrhs.swlauriersb.qc.ca\/fr\/wp-json\/wp\/v2\/users\/1"}],"replies":[{"embeddable":true,"href":"https:\/\/lrhs.swlauriersb.qc.ca\/fr\/wp-json\/wp\/v2\/comments?post=733"}],"version-history":[{"count":7,"href":"https:\/\/lrhs.swlauriersb.qc.ca\/fr\/wp-json\/wp\/v2\/pages\/733\/revisions"}],"predecessor-version":[{"id":3223,"href":"https:\/\/lrhs.swlauriersb.qc.ca\/fr\/wp-json\/wp\/v2\/pages\/733\/revisions\/3223"}],"up":[{"embeddable":true,"href":"https:\/\/lrhs.swlauriersb.qc.ca\/fr\/wp-json\/wp\/v2\/pages\/731"}],"wp:attachment":[{"href":"https:\/\/lrhs.swlauriersb.qc.ca\/fr\/wp-json\/wp\/v2\/media?parent=733"}],"curies":[{"name":"wp","href":"https:\/\/api.w.org\/{rel}","templated":true}]}}