{"id":724,"date":"2023-11-02T09:47:56","date_gmt":"2023-11-02T13:47:56","guid":{"rendered":"https:\/\/lrhs.swlauriersb.qc.ca\/our-programs\/"},"modified":"2026-02-27T14:49:09","modified_gmt":"2026-02-27T19:49:09","slug":"nos-programmes","status":"publish","type":"page","link":"https:\/\/lrhs.swlauriersb.qc.ca\/fr\/nos-programmes\/","title":{"rendered":"Nos programmes"},"content":{"rendered":"\n<h2 class=\"wp-block-heading has-text-align-center\">GUIDE DU PROGRAMME<\/h2>\n\n\n\n<p class=\"has-text-align-center has-medium-font-size\"><strong>LRHS &#8211; GUIDE DU PROGRAMME &#8211; SECONDAIRE 1 &amp; 2<\/strong><\/p>\n\n\n\n<p class=\"has-text-align-center\"><strong>LRHS &#8211; GUIDE DU PROGRAMME &#8211; SECONDAIRE 3-4 &amp; 5<\/strong><\/p>\n\n\n\n<h2 class=\"wp-block-heading has-text-align-center has-teal-800-color has-base-200-background-color has-text-color has-background has-link-color wp-elements-baba275ee4905d6912d231cf674dbe52\"><strong>Programme d\u2019\u00e9ducation \u00e0 la sexualit\u00e9<\/strong><\/h2>\n\n\n\n<p class=\"has-text-align-center\">Vous trouverez ci-dessous toutes les informations du MEQ sur le programme d\u2019\u00e9ducation \u00e0 la sexualit\u00e9. L\u2019\u00e9cole secondaire r\u00e9gionale Laurentian commencera \u00e0 introduire l\u2019\u00e9ducation \u00e0 la sexualit\u00e9 au cours de la troisi\u00e8me \u00e9tape. Si vous avez des questions, vous pouvez communiquer avec  M<sup>me<\/sup> Nadia Anwar or Mr. Ken Gordon.<\/p>\n\n\n\n<div class=\"wp-block-buttons is-layout-flex wp-block-buttons-is-layout-flex\">\n<div class=\"wp-block-button has-custom-width wp-block-button__width-100 has-custom-font-size is-style-fill has-medium-font-size\"><a class=\"wp-block-button__link has-teal-700-background-color has-background has-text-align-center wp-element-button\" href=\"https:\/\/lrhs.swlauriersb.qc.ca\/wp-content\/uploads\/sites\/7\/2023\/12\/LRHS_PROGRAMS_Feuillet-Parents-Sexualite-Secondaire1_FR.pdf\" target=\"_blank\" rel=\"noreferrer noopener\">LRHS_PROGRAMMES_Feuillet-Parents-Sexualit\u00e9-Secondaire1<i class=\"icon-arrow-left\"><\/i><\/a><\/div>\n<\/div>\n\n\n\n<div class=\"wp-block-buttons is-layout-flex wp-block-buttons-is-layout-flex\">\n<div class=\"wp-block-button has-custom-width wp-block-button__width-100 has-custom-font-size is-style-fill has-medium-font-size\"><a class=\"wp-block-button__link has-teal-700-background-color has-background has-text-align-center wp-element-button\" href=\"https:\/\/lrhs.swlauriersb.qc.ca\/wp-content\/uploads\/sites\/7\/2023\/12\/LRHS_PROGRAMS_Feuillet-Parents-Sexualite-Secondaire2_FR.pdf\" target=\"_blank\" rel=\"noreferrer noopener\">LRHS_PROGRAMMES_Feuillet-Parents-Sexualite-Secondaire2<i class=\"icon-arrow-left\"><\/i><\/a><\/div>\n<\/div>\n\n\n\n<div class=\"wp-block-buttons is-layout-flex wp-block-buttons-is-layout-flex\">\n<div class=\"wp-block-button has-custom-width wp-block-button__width-100 has-custom-font-size is-style-fill has-medium-font-size\"><a class=\"wp-block-button__link has-teal-700-background-color has-background has-text-align-center wp-element-button\" href=\"https:\/\/lrhs.swlauriersb.qc.ca\/wp-content\/uploads\/sites\/7\/2023\/12\/LRHS_PROGRAMS_Feuillet-Parents-Sexualite-Secondaire3_FR.pdf\" target=\"_blank\" rel=\"noreferrer noopener\">LRHS_PROGRAMMES_Feuillet-Parents-Sexualite-Secondaire3<i class=\"icon-arrow-left\"><\/i><\/a><\/div>\n<\/div>\n\n\n\n<div class=\"wp-block-buttons is-layout-flex wp-block-buttons-is-layout-flex\">\n<div class=\"wp-block-button has-custom-width wp-block-button__width-100 has-custom-font-size is-style-fill has-medium-font-size\"><a class=\"wp-block-button__link has-teal-700-background-color has-background has-text-align-center wp-element-button\" href=\"https:\/\/lrhs.swlauriersb.qc.ca\/wp-content\/uploads\/sites\/7\/2023\/12\/LRHS_PROGRAMS_Feuillet-Parents-Sexualite-Secondaire4_FR.pdf\" target=\"_blank\" rel=\"noreferrer noopener\">LRHS_PROGRAMMES_Feuillet-Parents-Sexualite-Secondaire4<i class=\"icon-arrow-left\"><\/i><\/a><\/div>\n<\/div>\n\n\n\n<div class=\"wp-block-buttons is-layout-flex wp-block-buttons-is-layout-flex\">\n<div class=\"wp-block-button has-custom-width wp-block-button__width-100 has-custom-font-size is-style-fill has-medium-font-size\"><a class=\"wp-block-button__link has-teal-700-background-color has-background has-text-align-center wp-element-button\" href=\"https:\/\/lrhs.swlauriersb.qc.ca\/wp-content\/uploads\/sites\/7\/2023\/12\/LRHS_PROGRAMS_Feuillet-Parents-Sexualite-Secondaire5_FR.pdf\" target=\"_blank\" rel=\"noreferrer noopener\">LRHS_PROGRAMMES_Feuillet-Parents-Sexualite-Secondaire5<i class=\"icon-arrow-left\"><\/i><\/a><\/div>\n<\/div>\n\n\n\n<div class=\"wp-block-buttons is-layout-flex wp-block-buttons-is-layout-flex\"><\/div>\n\n\n\n<div class=\"wp-block-buttons is-layout-flex wp-block-buttons-is-layout-flex\"><\/div>\n","protected":false},"excerpt":{"rendered":"<p>GUIDE DU PROGRAMME LRHS &#8211; GUIDE DU PROGRAMME &#8211; SECONDAIRE 1 &amp; 2 LRHS &#8211; GUIDE DU PROGRAMME &#8211; SECONDAIRE 3-4 &amp; 5 Programme d\u2019\u00e9ducation \u00e0 la sexualit\u00e9 Vous trouverez ci-dessous toutes les informations du MEQ sur le programme d\u2019\u00e9ducation \u00e0 la sexualit\u00e9. L\u2019\u00e9cole secondaire r\u00e9gionale Laurentian commencera \u00e0 introduire l\u2019\u00e9ducation \u00e0 la sexualit\u00e9 au&hellip;<\/p>\n","protected":false},"author":1,"featured_media":0,"parent":0,"menu_order":0,"comment_status":"closed","ping_status":"closed","template":"","meta":{"_acf_changed":false,"_relevanssi_hide_post":"","_relevanssi_hide_content":"","_relevanssi_pin_for_all":"","_relevanssi_pin_keywords":"","_relevanssi_unpin_keywords":"","_relevanssi_related_keywords":"","_relevanssi_related_include_ids":"","_relevanssi_related_exclude_ids":"","_relevanssi_related_no_append":"","_relevanssi_related_not_related":"","_relevanssi_related_posts":"304,303,1,106,108,302","_relevanssi_noindex_reason":"","footnotes":""},"acf":[],"_links":{"self":[{"href":"https:\/\/lrhs.swlauriersb.qc.ca\/fr\/wp-json\/wp\/v2\/pages\/724"}],"collection":[{"href":"https:\/\/lrhs.swlauriersb.qc.ca\/fr\/wp-json\/wp\/v2\/pages"}],"about":[{"href":"https:\/\/lrhs.swlauriersb.qc.ca\/fr\/wp-json\/wp\/v2\/types\/page"}],"author":[{"embeddable":true,"href":"https:\/\/lrhs.swlauriersb.qc.ca\/fr\/wp-json\/wp\/v2\/users\/1"}],"replies":[{"embeddable":true,"href":"https:\/\/lrhs.swlauriersb.qc.ca\/fr\/wp-json\/wp\/v2\/comments?post=724"}],"version-history":[{"count":8,"href":"https:\/\/lrhs.swlauriersb.qc.ca\/fr\/wp-json\/wp\/v2\/pages\/724\/revisions"}],"predecessor-version":[{"id":6100,"href":"https:\/\/lrhs.swlauriersb.qc.ca\/fr\/wp-json\/wp\/v2\/pages\/724\/revisions\/6100"}],"wp:attachment":[{"href":"https:\/\/lrhs.swlauriersb.qc.ca\/fr\/wp-json\/wp\/v2\/media?parent=724"}],"curies":[{"name":"wp","href":"https:\/\/api.w.org\/{rel}","templated":true}]}}