{"id":721,"date":"2023-10-26T14:50:23","date_gmt":"2023-10-26T18:50:23","guid":{"rendered":"https:\/\/lrhs.swlauriersb.qc.ca\/governance\/"},"modified":"2026-04-02T09:08:07","modified_gmt":"2026-04-02T13:08:07","slug":"conseil-d-etablisemment","status":"publish","type":"page","link":"https:\/\/lrhs.swlauriersb.qc.ca\/fr\/conseil-d-etablisemment\/","title":{"rendered":"Conseil d\u2019\u00e9tablissement"},"content":{"rendered":"\n<h1 class=\"wp-block-heading has-text-align-center has-base-900-color has-text-color has-link-color wp-elements-fd0e56eb5d215964fd4f09dd246f37a0\">Conseil d\u2019\u00e9tablissement<\/h1>\n\n\n\n<p class=\"has-text-align-center is-style-suptitle-alt has-base-700-color has-text-color has-link-color has-medium-font-size wp-elements-e0a8befc7c3aef69a2a4dd318bc00957\"><strong>Veuillez noter que le prochain conseil d&#8217;\u00e9tablissement aura lieu le mardi le 31 mars 2026.<\/strong><\/p>\n\n\n\n<h2 class=\"wp-block-heading has-teal-300-color has-text-color has-link-color wp-elements-1a6cd4f9940b14793f6a6f97e0764833\">2025-2026<\/h2>\n\n\n\n<div class=\"wp-block-buttons is-layout-flex wp-block-buttons-is-layout-flex\">\n<div class=\"wp-block-button has-custom-font-size is-style-text-link-arrow has-medium-font-size\"><a class=\"wp-block-button__link has-black-color has-text-color has-link-color wp-element-button\" href=\"https:\/\/lrhs.swlauriersb.qc.ca\/wp-content\/uploads\/sites\/7\/2025\/09\/Ordre-du-jour-de-lassemblee-generale-annuelle.pdf\">Ordre du jour de l&#8217;assembl\u00e9e g\u00e9n\u00e9rale annuelle 2025<i class=\"icon-arrow-left\"><\/i><\/a><\/div>\n<\/div>\n\n\n\n<div class=\"wp-block-buttons is-layout-flex wp-block-buttons-is-layout-flex\">\n<div class=\"wp-block-button has-custom-font-size is-style-text-link-arrow has-medium-font-size\"><a class=\"wp-block-button__link has-black-color has-text-color has-link-color wp-element-button\" href=\"https:\/\/lrhs.swlauriersb.qc.ca\/wp-content\/uploads\/sites\/7\/2025\/09\/Rapport-des-activites-du-conseil-detablissement-2024-2025.pdf\">Rapport des activit\u00e9es du conseil d&#8217;\u00e9tablissement 2024-2025<i class=\"icon-arrow-left\"><\/i><\/a><\/div>\n<\/div>\n\n\n\n<p class=\"has-teal-300-color has-text-color has-link-color has-large-font-size wp-elements-01dbe4090cb24b00c9f9dfb6c6c1f761\"><strong>Le document ci-dessous restera officieux jusqu&#8217;\u00e0 la prochaine Assembl\u00e9e g\u00e9n\u00e9rale qui aura lieu en septembre 2026<\/strong><\/p>\n\n\n\n<div class=\"wp-block-buttons is-layout-flex wp-block-buttons-is-layout-flex\">\n<div class=\"wp-block-button has-custom-font-size is-style-text-link-arrow has-medium-font-size\"><a class=\"wp-block-button__link has-teal-300-color has-text-color has-link-color wp-element-button\" href=\"https:\/\/lrhs.swlauriersb.qc.ca\/wp-content\/uploads\/sites\/7\/2025\/10\/2025-09-18-AGA-unofficial-FRE.pdf\">Proc\u00e8s-verbal &#8211; Assembl\u00e9e g\u00e9n\u00e9rale annuelle &#8211; 18 septembre 2025 &#8211; <strong>OFFICIEUSE<\/strong><i class=\"icon-arrow-left\"><\/i><\/a><\/div>\n<\/div>\n\n\n\n<div class=\"wp-block-buttons is-layout-flex wp-block-buttons-is-layout-flex\">\n<div class=\"wp-block-button has-custom-font-size is-style-text-link-arrow has-medium-font-size\"><a class=\"wp-block-button__link wp-element-button\" href=\"https:\/\/lrhs.swlauriersb.qc.ca\/wp-content\/uploads\/sites\/7\/2025\/11\/LRHS_2025-09-30-Official-French-Minutes-1.pdf\">Proc\u00e8s-verbal de la r\u00e9union du conseil d&#8217;\u00e9tablissement &#8211; 30 septembre 2025<i class=\"icon-arrow-left\"><\/i><\/a><\/div>\n<\/div>\n\n\n\n<div class=\"wp-block-buttons is-layout-flex wp-block-buttons-is-layout-flex\">\n<div class=\"wp-block-button has-custom-font-size is-style-text-link-arrow has-medium-font-size\"><a class=\"wp-block-button__link wp-element-button\" href=\"https:\/\/lrhs.swlauriersb.qc.ca\/wp-content\/uploads\/sites\/7\/2025\/12\/LRHS_2025-10-28-Official-French.pdf\">Proc\u00e8s-Verbal de la r\u00e9union du conseil d&#8217;\u00e9tablissement &#8211; 28 octobre 2025<i class=\"icon-arrow-left\"><\/i><\/a><\/div>\n<\/div>\n\n\n\n<div class=\"wp-block-buttons is-layout-flex wp-block-buttons-is-layout-flex\">\n<div class=\"wp-block-button has-custom-font-size is-style-text-link-arrow has-medium-font-size\"><a class=\"wp-block-button__link wp-element-button\" href=\"https:\/\/lrhs.swlauriersb.qc.ca\/wp-content\/uploads\/sites\/7\/2026\/02\/LRHS_2025-11-25-Official-French-Minutes.pdf\">Proc\u00e8s-verbal de la r\u00e9union du conseil d&#8217;\u00e9tablissement &#8211; 11 novembre 2025<i class=\"icon-arrow-left\"><\/i><\/a><\/div>\n<\/div>\n\n\n\n<div class=\"wp-block-buttons is-layout-flex wp-block-buttons-is-layout-flex\">\n<div class=\"wp-block-button is-style-text-link-arrow\"><a class=\"wp-block-button__link wp-element-button\" href=\"https:\/\/lrhs.swlauriersb.qc.ca\/wp-content\/uploads\/sites\/7\/2026\/04\/LRHS_2026-01-27-French-Official-Minutes.pdf\">Proc\u00e8s-Verbal de la r\u00e9union du conseil d&#8217;\u00e9tablissement &#8211;  27 janvier 2026<i class=\"icon-arrow-left\"><\/i><\/a><\/div>\n<\/div>\n\n\n\n<h2 class=\"wp-block-heading has-teal-700-color has-text-color has-link-color wp-elements-a7de043a57870a132153d1c31ede02da\">2024-2025<\/h2>\n\n\n\n<div class=\"wp-block-buttons is-layout-flex wp-block-buttons-is-layout-flex\">\n<div class=\"wp-block-button has-custom-font-size is-style-text-link-arrow has-medium-font-size\"><a class=\"wp-block-button__link wp-element-button\" href=\"https:\/\/lrhs.swlauriersb.qc.ca\/wp-content\/uploads\/sites\/7\/2024\/09\/Invitation-officielle-a-lassemblee-generale-annuelle-LRHS-1.pdf\">Invitation officielle \u00e0 l&#8217;assembl\u00e9e g\u00e9n\u00e9rale annuelle &#8211; LRHS<i class=\"icon-arrow-left\"><\/i><\/a><\/div>\n<\/div>\n\n\n\n<div class=\"wp-block-buttons is-layout-flex wp-block-buttons-is-layout-flex\">\n<div class=\"wp-block-button has-custom-font-size is-style-text-link-arrow has-medium-font-size\"><a class=\"wp-block-button__link wp-element-button\" href=\"https:\/\/lrhs.swlauriersb.qc.ca\/wp-content\/uploads\/sites\/7\/2024\/09\/Rapport-annuel-du-conseil-detablissement-2023-2024.pdf\">Rapport annuel 2023-2024 du conseil d&#8217;\u00e9tablissement<i class=\"icon-arrow-left\"><\/i><\/a><\/div>\n<\/div>\n\n\n\n<p class=\"has-teal-800-color has-text-color has-link-color has-large-font-size wp-elements-0172ea2688dd3a9571bf5ab4bd70f288\"><strong>Le document ci-dessous est maintenant OFFICIEL<\/strong><\/p>\n\n\n\n<div class=\"wp-block-buttons is-layout-flex wp-block-buttons-is-layout-flex\">\n<div class=\"wp-block-button has-custom-font-size is-style-text-link-arrow has-medium-font-size\"><a class=\"wp-block-button__link has-teal-800-color has-text-color has-link-color wp-element-button\" href=\"https:\/\/lrhs.swlauriersb.qc.ca\/wp-content\/uploads\/sites\/7\/2025\/09\/2024-09-19-AGA-LRHS-Official-FRE.pdf\">Proc\u00e8s verbal &#8211; Assembl\u00e9e g\u00e9n\u00e9rale annuelle 2024 &#8211;<strong> OFFICIEL<\/strong>  &#8211; 18 septembre 2025<i class=\"icon-arrow-left\"><\/i><\/a><\/div>\n<\/div>\n\n\n\n<div class=\"wp-block-buttons is-layout-flex wp-block-buttons-is-layout-flex\">\n<div class=\"wp-block-button has-custom-font-size is-style-text-link-arrow has-medium-font-size\"><a class=\"wp-block-button__link wp-element-button\" href=\"https:\/\/lrhs.swlauriersb.qc.ca\/wp-content\/uploads\/sites\/7\/2024\/10\/LRHS_2024-10-01-OFFICIAL-fr-3.pdf\">Proc\u00e8s-verbal de la r\u00e9union du conseil d&#8217;\u00e9tablissement &#8211; 1er octobre 2024<i class=\"icon-arrow-left\"><\/i><\/a><\/div>\n<\/div>\n\n\n\n<div class=\"wp-block-buttons is-layout-flex wp-block-buttons-is-layout-flex\">\n<div class=\"wp-block-button has-custom-font-size is-style-text-link-arrow has-medium-font-size\"><a class=\"wp-block-button__link wp-element-button\" href=\"https:\/\/lrhs.swlauriersb.qc.ca\/wp-content\/uploads\/sites\/7\/2024\/11\/LRHS_2024-10-29_FR_OFFICIAL.pdf\">Proc\u00e8s-verbal de la r\u00e9union du conseil d&#8217;\u00e9tablissement &#8211; 29 octobre 2024<i class=\"icon-arrow-left\"><\/i><\/a><\/div>\n<\/div>\n\n\n\n<div class=\"wp-block-buttons is-layout-flex wp-block-buttons-is-layout-flex\">\n<div class=\"wp-block-button has-custom-font-size is-style-text-link-arrow has-medium-font-size\"><a class=\"wp-block-button__link wp-element-button\" href=\"https:\/\/lrhs.swlauriersb.qc.ca\/wp-content\/uploads\/sites\/7\/2024\/12\/LRHS_2024-11-26_-OFFICIAL-FR.pdf\">Proc\u00e8s-verbal de la r\u00e9union du conseil d&#8217;\u00e9tablissement &#8211; 26 novembre 2024<i class=\"icon-arrow-left\"><\/i><\/a><\/div>\n<\/div>\n\n\n\n<div class=\"wp-block-buttons is-layout-flex wp-block-buttons-is-layout-flex\">\n<div class=\"wp-block-button has-custom-font-size is-style-text-link-arrow has-medium-font-size\"><a class=\"wp-block-button__link wp-element-button\" href=\"https:\/\/lrhs.swlauriersb.qc.ca\/wp-content\/uploads\/sites\/7\/2025\/01\/LRHS_2024-12-17-OFFICIAL-fr.pdf\">Proc\u00e8s-verbal de la r\u00e9union du conseil d&#8217;\u00e9tablissement &#8211; 17 d\u00e9cembre 2024<i class=\"icon-arrow-left\"><\/i><\/a><\/div>\n<\/div>\n\n\n\n<div class=\"wp-block-buttons is-layout-flex wp-block-buttons-is-layout-flex\">\n<div class=\"wp-block-button has-custom-font-size is-style-text-link-arrow has-medium-font-size\"><a class=\"wp-block-button__link wp-element-button\" href=\"https:\/\/lrhs.swlauriersb.qc.ca\/wp-content\/uploads\/sites\/7\/2025\/02\/LRHS-GB-OFFICIAL-2025-01-28-FR.pdf\">Proc\u00e8s-verbal de la r\u00e9union du conseil d&#8217;\u00e9tablissement &#8211; 28 janvier 2025<i class=\"icon-arrow-left\"><\/i><\/a><\/div>\n<\/div>\n\n\n\n<div class=\"wp-block-buttons is-layout-flex wp-block-buttons-is-layout-flex\">\n<div class=\"wp-block-button has-custom-font-size is-style-text-link-arrow has-medium-font-size\"><a class=\"wp-block-button__link wp-element-button\" href=\"https:\/\/lrhs.swlauriersb.qc.ca\/wp-content\/uploads\/sites\/7\/2025\/04\/LRHS2025-02-25-E-Votes-fr-version-OFFICIAL.pdf\">Proc\u00e8s-verbal de la r\u00e9union du conseil d&#8217;\u00e9tablissement &#8211; 22 f\u00e9vrier 2025<i class=\"icon-arrow-left\"><\/i><\/a><\/div>\n<\/div>\n\n\n\n<div class=\"wp-block-buttons is-layout-flex wp-block-buttons-is-layout-flex\">\n<div class=\"wp-block-button has-custom-font-size is-style-text-link-arrow has-medium-font-size\"><a class=\"wp-block-button__link wp-element-button\" href=\"https:\/\/lrhs.swlauriersb.qc.ca\/wp-content\/uploads\/sites\/7\/2025\/06\/LRHS_2025-04-22-Official-FR.pdf\">Proc\u00e8s-Verbal de la r\u00e9union du conseil d&#8217;\u00e9tablissement &#8211; 22 avril 2025<i class=\"icon-arrow-left\"><\/i><\/a><\/div>\n<\/div>\n\n\n\n<div class=\"wp-block-buttons is-layout-flex wp-block-buttons-is-layout-flex\">\n<div class=\"wp-block-button has-custom-font-size is-style-text-link-arrow has-medium-font-size\"><a class=\"wp-block-button__link wp-element-button\" href=\"https:\/\/lrhs.swlauriersb.qc.ca\/wp-content\/uploads\/sites\/7\/2025\/10\/LRHS-2025-06-17-Official-Minutes-FRE.pdf\">Proc\u00e8s-verbal de la r\u00e9union du conseil d&#8217;\u00e9tablissement &#8211;  17 juin 2025<i class=\"icon-arrow-left\"><\/i><\/a><\/div>\n<\/div>\n","protected":false},"excerpt":{"rendered":"<p>Conseil d\u2019\u00e9tablissement Veuillez noter que le prochain conseil d&#8217;\u00e9tablissement aura lieu le mardi le 31 mars 2026. 2025-2026 Le document ci-dessous restera officieux jusqu&#8217;\u00e0 la prochaine Assembl\u00e9e g\u00e9n\u00e9rale qui aura lieu en septembre 2026 2024-2025 Le document ci-dessous est maintenant OFFICIEL<\/p>\n","protected":false},"author":1,"featured_media":0,"parent":0,"menu_order":0,"comment_status":"closed","ping_status":"closed","template":"","meta":{"_acf_changed":false,"_relevanssi_hide_post":"","_relevanssi_hide_content":"","_relevanssi_pin_for_all":"","_relevanssi_pin_keywords":"","_relevanssi_unpin_keywords":"","_relevanssi_related_keywords":"","_relevanssi_related_include_ids":"","_relevanssi_related_exclude_ids":"","_relevanssi_related_no_append":"","_relevanssi_related_not_related":"","_relevanssi_related_posts":"303,106,108,302,304,372","_relevanssi_noindex_reason":"","footnotes":""},"acf":[],"_links":{"self":[{"href":"https:\/\/lrhs.swlauriersb.qc.ca\/fr\/wp-json\/wp\/v2\/pages\/721"}],"collection":[{"href":"https:\/\/lrhs.swlauriersb.qc.ca\/fr\/wp-json\/wp\/v2\/pages"}],"about":[{"href":"https:\/\/lrhs.swlauriersb.qc.ca\/fr\/wp-json\/wp\/v2\/types\/page"}],"author":[{"embeddable":true,"href":"https:\/\/lrhs.swlauriersb.qc.ca\/fr\/wp-json\/wp\/v2\/users\/1"}],"replies":[{"embeddable":true,"href":"https:\/\/lrhs.swlauriersb.qc.ca\/fr\/wp-json\/wp\/v2\/comments?post=721"}],"version-history":[{"count":7,"href":"https:\/\/lrhs.swlauriersb.qc.ca\/fr\/wp-json\/wp\/v2\/pages\/721\/revisions"}],"predecessor-version":[{"id":6204,"href":"https:\/\/lrhs.swlauriersb.qc.ca\/fr\/wp-json\/wp\/v2\/pages\/721\/revisions\/6204"}],"wp:attachment":[{"href":"https:\/\/lrhs.swlauriersb.qc.ca\/fr\/wp-json\/wp\/v2\/media?parent=721"}],"curies":[{"name":"wp","href":"https:\/\/api.w.org\/{rel}","templated":true}]}}