{"id":3521,"date":"2024-10-22T15:30:45","date_gmt":"2024-10-22T19:30:45","guid":{"rendered":"https:\/\/lrhs.swlauriersb.qc.ca\/general-resources\/"},"modified":"2024-11-12T14:41:04","modified_gmt":"2024-11-12T19:41:04","slug":"general-resources","status":"publish","type":"page","link":"https:\/\/lrhs.swlauriersb.qc.ca\/fr\/general-resources\/","title":{"rendered":"Ressources g\u00e9n\u00e9rales"},"content":{"rendered":"\n<h1 class=\"wp-block-heading has-text-align-center\">Ressources g\u00e9n\u00e9rales pour les \u00e9l\u00e8ves<\/h1>\n\n\n\n<div class=\"wp-block-cover is-light\" style=\"min-height:676px;aspect-ratio:unset;\"><span aria-hidden=\"true\" class=\"wp-block-cover__background has-background-dim\" style=\"background-color:#d9dad3\"><\/span><img decoding=\"async\" width=\"440\" height=\"268\" class=\"wp-block-cover__image-background wp-image-2933\" alt=\"\" src=\"https:\/\/lrhs.swlauriersb.qc.ca\/wp-content\/uploads\/sites\/7\/2024\/10\/sale-2.png\" data-object-fit=\"cover\" title=\"\" srcset=\"https:\/\/lrhs.swlauriersb.qc.ca\/wp-content\/uploads\/sites\/7\/2024\/10\/sale-2.png 440w, https:\/\/lrhs.swlauriersb.qc.ca\/wp-content\/uploads\/sites\/7\/2024\/10\/sale-2-300x183.png 300w\" sizes=\"(max-width: 440px) 100vw, 440px\" \/><div class=\"wp-block-cover__inner-container is-layout-constrained wp-block-cover-is-layout-constrained\">\n<p class=\"has-text-align-center has-large-font-size\"><\/p>\n\n\n\n<h2 class=\"wp-block-heading\"><\/h2>\n\n\n\n<div class=\"wp-block-buttons is-layout-flex wp-block-buttons-is-layout-flex\">\n<div class=\"wp-block-button has-custom-width wp-block-button__width-75 has-custom-font-size has-medium-font-size\"><a class=\"wp-block-button__link has-teal-600-background-color has-background wp-element-button\" href=\"https:\/\/drive.google.com\/file\/d\/1NTUfFw8ugWtjCeLtYbRou7SHqUMXXYEJ\/view\" target=\"_blank\" rel=\"noopener\"><strong>Comment se connecter correctement pour une r\u00e9union &#8220;ZOOM&#8221;<\/strong><i class=\"icon-arrow-left\"><\/i><\/a><\/div>\n<\/div>\n\n\n\n<div class=\"wp-block-buttons is-layout-flex wp-block-buttons-is-layout-flex\">\n<div class=\"wp-block-button has-custom-width wp-block-button__width-75 has-custom-font-size has-medium-font-size\"><a class=\"wp-block-button__link has-background wp-element-button\" href=\"https:\/\/vimeo.com\/166054137\" style=\"background-color:#539eb5\" target=\"_blank\" rel=\"noreferrer noopener\"><strong>Comment \u00e9tudier? Webinaire avec M. Steve Masson<\/strong><i class=\"icon-arrow-left\"><\/i><\/a><\/div>\n<\/div>\n\n\n\n<div class=\"wp-block-buttons is-layout-flex wp-block-buttons-is-layout-flex\">\n<div class=\"wp-block-button has-custom-width wp-block-button__width-75 has-custom-font-size has-medium-font-size\"><a class=\"wp-block-button__link has-teal-600-background-color has-background wp-element-button\" href=\"https:\/\/backpack-swlsb-ca.translate.goog\/?_x_tr_sl=en&amp;_x_tr_tl=fr&amp;_x_tr_hl=en\" target=\"_blank\" rel=\"noopener\"><strong>SWLSB &#8211; Apprendre &#8211; SAC \u00c0 DOS<\/strong><i class=\"icon-arrow-left\"><\/i><\/a><\/div>\n<\/div>\n\n\n\n<div class=\"wp-block-buttons is-layout-flex wp-block-buttons-is-layout-flex\">\n<div class=\"wp-block-button has-custom-width wp-block-button__width-75 has-custom-font-size has-medium-font-size\"><a class=\"wp-block-button__link has-background wp-element-button\" href=\"https:\/\/ecoleouverte.ca\/fr\/\" style=\"background-color:#539eb5\" target=\"_blank\" rel=\"noopener\"><strong>MEQ &#8211; \u00c9cole ouverte<\/strong><i class=\"icon-arrow-left\"><\/i><\/a><\/div>\n<\/div>\n<\/div><\/div>\n\n\n\n<div class=\"wp-block-media-text\" style=\"grid-template-columns:20% auto\"><figure class=\"wp-block-media-text__media\"><img decoding=\"async\" width=\"240\" height=\"100\" src=\"https:\/\/lrhs.swlauriersb.qc.ca\/wp-content\/uploads\/sites\/7\/2024\/08\/daafa385-8ada-4e69-8d83-98d1114c687b.png\" alt=\"\" class=\"wp-image-1925 size-full\" title=\"\"><\/figure><div class=\"wp-block-media-text__content\">\n<p class=\"has-medium-font-size\">Veuillez cliquer sur le lien ci-joint pour avoir acc\u00e8s au site : <\/p>\n\n\n\n<p class=\"has-medium-font-size\">&nbsp;<a href=\"https:\/\/school.eb.com\/\" target=\"_blank\" rel=\"noreferrer noopener\">https:\/\/school.eb.com\/<\/a>&nbsp;<\/p>\n\n\n\n<p class=\"has-medium-font-size\">Veuillez vous r\u00e9f\u00e9rez \u00e0 vos professeurs pour avoir votre nom d\u2019utilisateur et votre code d\u2019acc\u00e8s.<\/p>\n<\/div><\/div>\n","protected":false},"excerpt":{"rendered":"<p>Ressources g\u00e9n\u00e9rales pour les \u00e9l\u00e8ves Veuillez cliquer sur le lien ci-joint pour avoir acc\u00e8s au site : &nbsp;https:\/\/school.eb.com\/&nbsp; Veuillez vous r\u00e9f\u00e9rez \u00e0 vos professeurs pour avoir votre nom d\u2019utilisateur et votre code d\u2019acc\u00e8s.<\/p>\n","protected":false},"author":93,"featured_media":0,"parent":0,"menu_order":0,"comment_status":"closed","ping_status":"closed","template":"","meta":{"_acf_changed":false,"_relevanssi_hide_post":"","_relevanssi_hide_content":"","_relevanssi_pin_for_all":"","_relevanssi_pin_keywords":"","_relevanssi_unpin_keywords":"","_relevanssi_related_keywords":"","_relevanssi_related_include_ids":"","_relevanssi_related_exclude_ids":"","_relevanssi_related_no_append":"","_relevanssi_related_not_related":"","_relevanssi_related_posts":"","_relevanssi_noindex_reason":"","footnotes":""},"acf":[],"_links":{"self":[{"href":"https:\/\/lrhs.swlauriersb.qc.ca\/fr\/wp-json\/wp\/v2\/pages\/3521"}],"collection":[{"href":"https:\/\/lrhs.swlauriersb.qc.ca\/fr\/wp-json\/wp\/v2\/pages"}],"about":[{"href":"https:\/\/lrhs.swlauriersb.qc.ca\/fr\/wp-json\/wp\/v2\/types\/page"}],"author":[{"embeddable":true,"href":"https:\/\/lrhs.swlauriersb.qc.ca\/fr\/wp-json\/wp\/v2\/users\/93"}],"replies":[{"embeddable":true,"href":"https:\/\/lrhs.swlauriersb.qc.ca\/fr\/wp-json\/wp\/v2\/comments?post=3521"}],"version-history":[{"count":5,"href":"https:\/\/lrhs.swlauriersb.qc.ca\/fr\/wp-json\/wp\/v2\/pages\/3521\/revisions"}],"predecessor-version":[{"id":3531,"href":"https:\/\/lrhs.swlauriersb.qc.ca\/fr\/wp-json\/wp\/v2\/pages\/3521\/revisions\/3531"}],"wp:attachment":[{"href":"https:\/\/lrhs.swlauriersb.qc.ca\/fr\/wp-json\/wp\/v2\/media?parent=3521"}],"curies":[{"name":"wp","href":"https:\/\/api.w.org\/{rel}","templated":true}]}}