{"id":3501,"date":"2024-10-23T14:37:42","date_gmt":"2024-10-23T18:37:42","guid":{"rendered":"https:\/\/lrhs.swlauriersb.qc.ca\/tutoring-opportunity\/"},"modified":"2025-08-26T08:13:01","modified_gmt":"2025-08-26T12:13:01","slug":"tutoring-opportunity","status":"publish","type":"page","link":"https:\/\/lrhs.swlauriersb.qc.ca\/fr\/tutoring-opportunity\/","title":{"rendered":"Tutorat"},"content":{"rendered":"\n<h1 class=\"wp-block-heading has-text-align-center\">Tutorat<\/h1>\n\n\n\n<div class=\"wp-block-media-text is-stacked-on-mobile\" style=\"grid-template-columns:25% auto\"><figure class=\"wp-block-media-text__media\"><img decoding=\"async\" width=\"474\" height=\"474\" src=\"https:\/\/lrhs.swlauriersb.qc.ca\/wp-content\/uploads\/sites\/7\/2024\/10\/LLC.jpg\" alt=\"\" class=\"wp-image-2948 size-full\" title=\"\" srcset=\"https:\/\/lrhs.swlauriersb.qc.ca\/wp-content\/uploads\/sites\/7\/2024\/10\/LLC.jpg 474w, https:\/\/lrhs.swlauriersb.qc.ca\/wp-content\/uploads\/sites\/7\/2024\/10\/LLC-300x300.jpg 300w, https:\/\/lrhs.swlauriersb.qc.ca\/wp-content\/uploads\/sites\/7\/2024\/10\/LLC-150x150.jpg 150w\" sizes=\"(max-width: 474px) 100vw, 474px\" \/><\/figure><div class=\"wp-block-media-text__content\">\n<p class=\"has-text-align-center is-style-suptitle has-medium-font-size\">Le Centre d&#8217;alphab\u00e9tisation Laurentien est un endroit accueillant qui vous offre de nombreuses ressources anglophones, notamment pour le tutorat.<\/p>\n\n\n\n<div class=\"wp-block-buttons is-content-justification-center is-layout-flex wp-container-core-buttons-is-layout-1 wp-block-buttons-is-layout-flex\">\n<div class=\"wp-block-button has-custom-width wp-block-button__width-100 has-custom-font-size has-medium-font-size\"><a class=\"wp-block-button__link has-background wp-element-button\" href=\"https:\/\/laurentianliteracy.ca\/fran%C3%A7ais\" style=\"background-color:#0e274f\" target=\"_blank\" rel=\"noopener\">Centre d&#8217;alphab\u00e9tisation Laurentien<i class=\"icon-arrow-left\"><\/i><\/a><\/div>\n<\/div>\n<\/div><\/div>\n\n\n\n<div class=\"wp-block-media-text is-stacked-on-mobile\" style=\"grid-template-columns:25% auto\"><figure class=\"wp-block-media-text__media\"><img decoding=\"async\" width=\"300\" height=\"230\" src=\"https:\/\/lrhs.swlauriersb.qc.ca\/wp-content\/uploads\/sites\/7\/2024\/10\/logo-learn-vc.png\" alt=\"\" class=\"wp-image-2950 size-full\" title=\"\"><\/figure><div class=\"wp-block-media-text__content\">\n<p class=\"has-text-align-center is-style-suptitle has-medium-font-size\">LEARN Tutoring propose un tutorat en ligne et des rendez-vous d\u2019aide aux devoirs, sans frais. Leurs tuteurs en ligne sont des enseignants qu\u00e9b\u00e9cois pleinement qualifi\u00e9s, exp\u00e9riment\u00e9s dans le tutorat, la r\u00e9vision et la consolidation. Ils travaillent directement avec les \u00e9l\u00e8ves du primaire (\u00e0 partir de la 2e ann\u00e9e) et du secondaire, ainsi qu\u2019avec leurs familles.<\/p>\n\n\n\n<div class=\"wp-block-buttons is-content-justification-center is-layout-flex wp-container-core-buttons-is-layout-2 wp-block-buttons-is-layout-flex\">\n<div class=\"wp-block-button has-custom-width wp-block-button__width-100 has-custom-font-size has-medium-font-size\"><a class=\"wp-block-button__link has-background wp-element-button\" href=\"https:\/\/students.learnquebec.ca\/learn-tutoring\/\" style=\"background-color:#3c6625\" target=\"_blank\" rel=\"noreferrer noopener\">Learn Quebec<i class=\"icon-arrow-left\"><\/i><\/a><\/div>\n<\/div>\n<\/div><\/div>\n","protected":false},"excerpt":{"rendered":"<p>Tutorat<\/p>\n","protected":false},"author":93,"featured_media":0,"parent":0,"menu_order":0,"comment_status":"closed","ping_status":"closed","template":"","meta":{"_acf_changed":false,"_relevanssi_hide_post":"","_relevanssi_hide_content":"","_relevanssi_pin_for_all":"","_relevanssi_pin_keywords":"","_relevanssi_unpin_keywords":"","_relevanssi_related_keywords":"","_relevanssi_related_include_ids":"","_relevanssi_related_exclude_ids":"","_relevanssi_related_no_append":"","_relevanssi_related_not_related":"","_relevanssi_related_posts":"","_relevanssi_noindex_reason":"","footnotes":""},"acf":[],"_links":{"self":[{"href":"https:\/\/lrhs.swlauriersb.qc.ca\/fr\/wp-json\/wp\/v2\/pages\/3501"}],"collection":[{"href":"https:\/\/lrhs.swlauriersb.qc.ca\/fr\/wp-json\/wp\/v2\/pages"}],"about":[{"href":"https:\/\/lrhs.swlauriersb.qc.ca\/fr\/wp-json\/wp\/v2\/types\/page"}],"author":[{"embeddable":true,"href":"https:\/\/lrhs.swlauriersb.qc.ca\/fr\/wp-json\/wp\/v2\/users\/93"}],"replies":[{"embeddable":true,"href":"https:\/\/lrhs.swlauriersb.qc.ca\/fr\/wp-json\/wp\/v2\/comments?post=3501"}],"version-history":[{"count":8,"href":"https:\/\/lrhs.swlauriersb.qc.ca\/fr\/wp-json\/wp\/v2\/pages\/3501\/revisions"}],"predecessor-version":[{"id":4811,"href":"https:\/\/lrhs.swlauriersb.qc.ca\/fr\/wp-json\/wp\/v2\/pages\/3501\/revisions\/4811"}],"wp:attachment":[{"href":"https:\/\/lrhs.swlauriersb.qc.ca\/fr\/wp-json\/wp\/v2\/media?parent=3501"}],"curies":[{"name":"wp","href":"https:\/\/api.w.org\/{rel}","templated":true}]}}