{"id":3458,"date":"2024-07-09T15:47:51","date_gmt":"2024-07-09T19:47:51","guid":{"rendered":"https:\/\/lrhs.swlauriersb.qc.ca\/remediation\/"},"modified":"2025-10-17T12:47:43","modified_gmt":"2025-10-17T16:47:43","slug":"remediation","status":"publish","type":"page","link":"https:\/\/lrhs.swlauriersb.qc.ca\/fr\/remediation\/","title":{"rendered":"R\u00e9cup\u00e9ration"},"content":{"rendered":"\n<h1 class=\"wp-block-heading has-text-align-center\">R\u00e9cup\u00e9ration<\/h1>\n\n\n\n<p class=\"has-text-align-center is-style-suptitle has-medium-font-size\">Cliquez sur le lien ci-dessous pour savoir l&#8217;horaire de r\u00e9cuperation propos\u00e9 par vos professeurs.<\/p>\n\n\n\n<div class=\"wp-block-cover\" style=\"min-height:222px;aspect-ratio:unset;\"><span aria-hidden=\"true\" class=\"wp-block-cover__background has-background-dim\" style=\"background-color:#195e7d\"><\/span><img decoding=\"async\" width=\"626\" height=\"435\" class=\"wp-block-cover__image-background wp-image-3230\" alt=\"\" src=\"https:\/\/lrhs.swlauriersb.qc.ca\/wp-content\/uploads\/sites\/7\/2024\/11\/project-education-1.avif\" data-object-fit=\"cover\" title=\"\" srcset=\"https:\/\/lrhs.swlauriersb.qc.ca\/wp-content\/uploads\/sites\/7\/2024\/11\/project-education-1.avif 626w, https:\/\/lrhs.swlauriersb.qc.ca\/wp-content\/uploads\/sites\/7\/2024\/11\/project-education-1-300x208.avif 300w\" sizes=\"(max-width: 626px) 100vw, 626px\" \/><div class=\"wp-block-cover__inner-container is-layout-constrained wp-block-cover-is-layout-constrained\">\n<div class=\"wp-block-buttons is-content-justification-center is-layout-flex wp-container-core-buttons-is-layout-1 wp-block-buttons-is-layout-flex\">\n<div class=\"wp-block-button has-custom-width wp-block-button__width-100 has-custom-font-size has-medium-font-size\"><a class=\"wp-block-button__link has-base-900-color has-very-light-gray-to-cyan-bluish-gray-gradient-background has-text-color has-background has-link-color wp-element-button\" href=\"https:\/\/lrhs.swlauriersb.qc.ca\/wp-content\/uploads\/sites\/7\/2025\/10\/LRHS-Remediation-Schedule-2025-2026.pdf\"><strong>LRHS REMEDIATION SCHEDULE 2025-2026<\/strong><i class=\"icon-arrow-left\"><\/i><\/a><\/div>\n<\/div>\n<\/div><\/div>\n","protected":false},"excerpt":{"rendered":"<p>R\u00e9cup\u00e9ration Cliquez sur le lien ci-dessous pour savoir l&#8217;horaire de r\u00e9cuperation propos\u00e9 par vos professeurs.<\/p>\n","protected":false},"author":93,"featured_media":0,"parent":0,"menu_order":0,"comment_status":"closed","ping_status":"closed","template":"","meta":{"_acf_changed":false,"_relevanssi_hide_post":"","_relevanssi_hide_content":"","_relevanssi_pin_for_all":"","_relevanssi_pin_keywords":"","_relevanssi_unpin_keywords":"","_relevanssi_related_keywords":"","_relevanssi_related_include_ids":"","_relevanssi_related_exclude_ids":"","_relevanssi_related_no_append":"","_relevanssi_related_not_related":"","_relevanssi_related_posts":"","_relevanssi_noindex_reason":"","footnotes":""},"acf":[],"_links":{"self":[{"href":"https:\/\/lrhs.swlauriersb.qc.ca\/fr\/wp-json\/wp\/v2\/pages\/3458"}],"collection":[{"href":"https:\/\/lrhs.swlauriersb.qc.ca\/fr\/wp-json\/wp\/v2\/pages"}],"about":[{"href":"https:\/\/lrhs.swlauriersb.qc.ca\/fr\/wp-json\/wp\/v2\/types\/page"}],"author":[{"embeddable":true,"href":"https:\/\/lrhs.swlauriersb.qc.ca\/fr\/wp-json\/wp\/v2\/users\/93"}],"replies":[{"embeddable":true,"href":"https:\/\/lrhs.swlauriersb.qc.ca\/fr\/wp-json\/wp\/v2\/comments?post=3458"}],"version-history":[{"count":8,"href":"https:\/\/lrhs.swlauriersb.qc.ca\/fr\/wp-json\/wp\/v2\/pages\/3458\/revisions"}],"predecessor-version":[{"id":5344,"href":"https:\/\/lrhs.swlauriersb.qc.ca\/fr\/wp-json\/wp\/v2\/pages\/3458\/revisions\/5344"}],"wp:attachment":[{"href":"https:\/\/lrhs.swlauriersb.qc.ca\/fr\/wp-json\/wp\/v2\/media?parent=3458"}],"curies":[{"name":"wp","href":"https:\/\/api.w.org\/{rel}","templated":true}]}}