{"id":3438,"date":"2024-10-22T14:26:32","date_gmt":"2024-10-22T18:26:32","guid":{"rendered":"https:\/\/lrhs.swlauriersb.qc.ca\/parent-resources\/"},"modified":"2024-11-12T12:59:57","modified_gmt":"2024-11-12T17:59:57","slug":"parent-resources","status":"publish","type":"page","link":"https:\/\/lrhs.swlauriersb.qc.ca\/fr\/parent-resources\/","title":{"rendered":"Ressources pour les parents"},"content":{"rendered":"\n<h1 class=\"wp-block-heading has-text-align-center\"><strong>Ressources pour les parents<\/strong><\/h1>\n\n\n\n<p class=\"has-text-align-center\"><strong><strong>Here attached resources that may be useful<\/strong><\/strong><\/p>\n\n\n\n<div class=\"wp-block-cover is-light\" style=\"min-height:714px;aspect-ratio:unset;\"><span aria-hidden=\"true\" class=\"wp-block-cover__background has-background-dim\" style=\"background-color:#7f807c\"><\/span><img decoding=\"async\" width=\"1024\" height=\"768\" class=\"wp-block-cover__image-background wp-image-2921\" alt=\"\" src=\"https:\/\/lrhs.swlauriersb.qc.ca\/wp-content\/uploads\/sites\/7\/2024\/10\/Your-paragraph-text-5.png\" style=\"object-position:0% 51%\" data-object-fit=\"cover\" data-object-position=\"0% 51%\" title=\"\" srcset=\"https:\/\/lrhs.swlauriersb.qc.ca\/wp-content\/uploads\/sites\/7\/2024\/10\/Your-paragraph-text-5.png 1024w, https:\/\/lrhs.swlauriersb.qc.ca\/wp-content\/uploads\/sites\/7\/2024\/10\/Your-paragraph-text-5-300x225.png 300w, https:\/\/lrhs.swlauriersb.qc.ca\/wp-content\/uploads\/sites\/7\/2024\/10\/Your-paragraph-text-5-768x576.png 768w\" sizes=\"(max-width: 1024px) 100vw, 1024px\" \/><div class=\"wp-block-cover__inner-container is-layout-constrained wp-block-cover-is-layout-constrained\">\n<p class=\"has-text-align-center has-large-font-size\"><\/p>\n\n\n\n<div class=\"wp-block-buttons is-layout-flex wp-block-buttons-is-layout-flex\">\n<div class=\"wp-block-button has-custom-font-size has-medium-font-size\"><a class=\"wp-block-button__link has-background wp-element-button\" href=\"https:\/\/pausetonecran.com\/\" style=\"background-color:#13672de0\" target=\"_blank\" rel=\"noreferrer noopener\">Pause ton \u00e9cran<i class=\"icon-arrow-left\"><\/i><\/a><\/div>\n<\/div>\n\n\n\n<div class=\"wp-block-buttons is-layout-flex wp-block-buttons-is-layout-flex\">\n<div class=\"wp-block-button has-custom-font-size has-medium-font-size\"><a class=\"wp-block-button__link has-background wp-element-button\" href=\"https:\/\/ecoleouverte.ca\/fr\/\" style=\"background-color:#13672de0\" target=\"_blank\" rel=\"noopener\">MEQ &#8211; \u00c9cole ouverte<i class=\"icon-arrow-left\"><\/i><\/a><\/div>\n<\/div>\n\n\n\n<div class=\"wp-block-buttons is-layout-flex wp-block-buttons-is-layout-flex\">\n<div class=\"wp-block-button has-custom-font-size has-medium-font-size\"><a class=\"wp-block-button__link has-background wp-element-button\" href=\"https:\/\/enclasse.telequebec.tv\/\" style=\"background-color:#13672de0\" target=\"_blank\" rel=\"noreferrer noopener\">En classe T\u00e9l\u00e9-Qu\u00e9bec<i class=\"icon-arrow-left\"><\/i><\/a><\/div>\n<\/div>\n\n\n\n<div class=\"wp-block-buttons is-layout-flex wp-block-buttons-is-layout-flex\">\n<div class=\"wp-block-button has-custom-font-size has-medium-font-size\"><a class=\"wp-block-button__link has-background wp-element-button\" href=\"https:\/\/www.teluq.ca\/site\/etudes\/clom\/accompagne-mon-enfant-qui-apprend-a-distance.php\" style=\"background-color:#13672de0\" target=\"_blank\" rel=\"noopener\">TELUQ &#8211; J&#8217;accompagne mon enfant qui apprend \u00e0 distance<i class=\"icon-arrow-left\"><\/i><\/a><\/div>\n<\/div>\n\n\n\n<div class=\"wp-block-buttons is-layout-flex wp-block-buttons-is-layout-flex\">\n<div class=\"wp-block-button has-custom-font-size has-medium-font-size\"><a class=\"wp-block-button__link has-teal-700-background-color has-background wp-element-button\" href=\"https:\/\/lrhs.swlauriersb.qc.ca\/wp-content\/uploads\/sites\/7\/2023\/12\/LRHS_PARENTINFORMATION_Les-produits-du-vapotage_information-pour-parents_FR.pdf\">Les produits du Vapotage &#8211; Information pour les parents<i class=\"icon-arrow-left\"><\/i><\/a><\/div>\n<\/div>\n\n\n\n<div class=\"wp-block-buttons is-layout-flex wp-block-buttons-is-layout-flex\">\n<div class=\"wp-block-button has-custom-font-size has-medium-font-size\"><a class=\"wp-block-button__link has-teal-700-background-color has-background wp-element-button\" href=\"https:\/\/www.211qc.ca\/\" target=\"_blank\" rel=\"noopener\">211 &#8211; Service Gratuit et confidentiel<i class=\"icon-arrow-left\"><\/i><\/a><\/div>\n<\/div>\n<\/div><\/div>\n\n\n\n<div class=\"wp-block-media-text\" style=\"grid-template-columns:15% auto\"><figure class=\"wp-block-media-text__media\"><img decoding=\"async\" width=\"148\" height=\"180\" src=\"https:\/\/lrhs.swlauriersb.qc.ca\/wp-content\/uploads\/sites\/7\/2024\/09\/sureteduquebec.jpg\" alt=\"\" class=\"wp-image-2397 size-full\" title=\"\"><\/figure><div class=\"wp-block-media-text__content\">\n<div class=\"wp-block-buttons is-layout-flex wp-block-buttons-is-layout-flex\">\n<div class=\"wp-block-button has-custom-font-size has-medium-font-size\"><a class=\"wp-block-button__link has-teal-700-background-color has-background wp-element-button\" href=\"https:\/\/lrhs.swlauriersb.qc.ca\/wp-content\/uploads\/sites\/7\/2024\/10\/Guide-parents-Cybersurete.pdf\">GUIDE PARENTS &#8211; CYBERS\u00c9CURIT\u00c9<i class=\"icon-arrow-left\"><\/i><\/a><\/div>\n<\/div>\n<\/div><\/div>\n","protected":false},"excerpt":{"rendered":"<p>Ressources pour les parents Here attached resources that may be useful<\/p>\n","protected":false},"author":93,"featured_media":0,"parent":0,"menu_order":0,"comment_status":"closed","ping_status":"closed","template":"","meta":{"_acf_changed":false,"_relevanssi_hide_post":"","_relevanssi_hide_content":"","_relevanssi_pin_for_all":"","_relevanssi_pin_keywords":"","_relevanssi_unpin_keywords":"","_relevanssi_related_keywords":"","_relevanssi_related_include_ids":"","_relevanssi_related_exclude_ids":"","_relevanssi_related_no_append":"","_relevanssi_related_not_related":"","_relevanssi_related_posts":"","_relevanssi_noindex_reason":"","footnotes":""},"acf":[],"_links":{"self":[{"href":"https:\/\/lrhs.swlauriersb.qc.ca\/fr\/wp-json\/wp\/v2\/pages\/3438"}],"collection":[{"href":"https:\/\/lrhs.swlauriersb.qc.ca\/fr\/wp-json\/wp\/v2\/pages"}],"about":[{"href":"https:\/\/lrhs.swlauriersb.qc.ca\/fr\/wp-json\/wp\/v2\/types\/page"}],"author":[{"embeddable":true,"href":"https:\/\/lrhs.swlauriersb.qc.ca\/fr\/wp-json\/wp\/v2\/users\/93"}],"replies":[{"embeddable":true,"href":"https:\/\/lrhs.swlauriersb.qc.ca\/fr\/wp-json\/wp\/v2\/comments?post=3438"}],"version-history":[{"count":3,"href":"https:\/\/lrhs.swlauriersb.qc.ca\/fr\/wp-json\/wp\/v2\/pages\/3438\/revisions"}],"predecessor-version":[{"id":3457,"href":"https:\/\/lrhs.swlauriersb.qc.ca\/fr\/wp-json\/wp\/v2\/pages\/3438\/revisions\/3457"}],"wp:attachment":[{"href":"https:\/\/lrhs.swlauriersb.qc.ca\/fr\/wp-json\/wp\/v2\/media?parent=3438"}],"curies":[{"name":"wp","href":"https:\/\/api.w.org\/{rel}","templated":true}]}}