{"id":3408,"date":"2024-09-12T14:30:59","date_gmt":"2024-09-12T18:30:59","guid":{"rendered":"https:\/\/lrhs.swlauriersb.qc.ca\/parent-participatory-organization-ppo\/"},"modified":"2024-11-11T15:49:07","modified_gmt":"2024-11-11T20:49:07","slug":"parent-participatory-organization-ppo","status":"publish","type":"page","link":"https:\/\/lrhs.swlauriersb.qc.ca\/fr\/parent-participatory-organization-ppo\/","title":{"rendered":"Comit\u00e9 de parents"},"content":{"rendered":"\n<h1 class=\"wp-block-heading has-text-align-center\">Comit\u00e9 de parents<\/h1>\n\n\n\n<p class=\"has-text-align-center is-style-suptitle-alt has-white-color has-base-700-background-color has-text-color has-background has-link-color has-large-font-size wp-elements-86bbfc9ca09e1441511ad0e1aabfd951\"><em><strong>\u00cates-vous int\u00e9ress\u00e9s \u00e0 vous joindre \u00e0 notre \u00e9quipe du comit\u00e9 de parents?<\/strong>  <\/em>              <\/p>\n\n\n\n<p class=\"has-text-align-center has-base-100-color has-base-700-background-color has-text-color has-background has-link-color has-large-font-size wp-elements-7780de62310cd8bb5d25cbc3f8d38b0f\" style=\"margin-top:0;margin-right:var(--wp--preset--spacing--30);margin-bottom:0;margin-left:var(--wp--preset--spacing--30)\"><em>  <strong> Si oui, veuillez communiquer avec madame Melanie Bujold<\/strong><\/em><strong>:  <a href=\"mailto:mbujold@swlauriersb.qc.ca\">mbujold@swlauriersb.qc.ca<\/a><\/strong>                                                                                                                          <\/p>\n\n\n\n<p><\/p>\n","protected":false},"excerpt":{"rendered":"<p>Comit\u00e9 de parents \u00cates-vous int\u00e9ress\u00e9s \u00e0 vous joindre \u00e0 notre \u00e9quipe du comit\u00e9 de parents? Si oui, veuillez communiquer avec madame Melanie Bujold: mbujold@swlauriersb.qc.ca<\/p>\n","protected":false},"author":93,"featured_media":0,"parent":0,"menu_order":0,"comment_status":"closed","ping_status":"closed","template":"","meta":{"_acf_changed":false,"_relevanssi_hide_post":"","_relevanssi_hide_content":"","_relevanssi_pin_for_all":"","_relevanssi_pin_keywords":"","_relevanssi_unpin_keywords":"","_relevanssi_related_keywords":"","_relevanssi_related_include_ids":"","_relevanssi_related_exclude_ids":"","_relevanssi_related_no_append":"","_relevanssi_related_not_related":"","_relevanssi_related_posts":"","_relevanssi_noindex_reason":"","footnotes":""},"acf":[],"_links":{"self":[{"href":"https:\/\/lrhs.swlauriersb.qc.ca\/fr\/wp-json\/wp\/v2\/pages\/3408"}],"collection":[{"href":"https:\/\/lrhs.swlauriersb.qc.ca\/fr\/wp-json\/wp\/v2\/pages"}],"about":[{"href":"https:\/\/lrhs.swlauriersb.qc.ca\/fr\/wp-json\/wp\/v2\/types\/page"}],"author":[{"embeddable":true,"href":"https:\/\/lrhs.swlauriersb.qc.ca\/fr\/wp-json\/wp\/v2\/users\/93"}],"replies":[{"embeddable":true,"href":"https:\/\/lrhs.swlauriersb.qc.ca\/fr\/wp-json\/wp\/v2\/comments?post=3408"}],"version-history":[{"count":8,"href":"https:\/\/lrhs.swlauriersb.qc.ca\/fr\/wp-json\/wp\/v2\/pages\/3408\/revisions"}],"predecessor-version":[{"id":3424,"href":"https:\/\/lrhs.swlauriersb.qc.ca\/fr\/wp-json\/wp\/v2\/pages\/3408\/revisions\/3424"}],"wp:attachment":[{"href":"https:\/\/lrhs.swlauriersb.qc.ca\/fr\/wp-json\/wp\/v2\/media?parent=3408"}],"curies":[{"name":"wp","href":"https:\/\/api.w.org\/{rel}","templated":true}]}}