{"id":3389,"date":"2024-10-03T13:03:36","date_gmt":"2024-10-03T17:03:36","guid":{"rendered":"https:\/\/lrhs.swlauriersb.qc.ca\/colleges-professional-centers-open-house\/"},"modified":"2025-10-17T14:25:22","modified_gmt":"2025-10-17T18:25:22","slug":"colleges-professional-centers-open-house","status":"publish","type":"page","link":"https:\/\/lrhs.swlauriersb.qc.ca\/fr\/colleges-professional-centers-open-house\/","title":{"rendered":"C\u00c9GEPS &amp; Centres professionels &#8211; PORTES OUVERTES"},"content":{"rendered":"\n<div class=\"wp-block-cover\" style=\"min-height:912px;aspect-ratio:unset;\"><span aria-hidden=\"true\" class=\"wp-block-cover__background has-background-dim\" style=\"background-color:#686465\"><\/span><img decoding=\"async\" width=\"1080\" height=\"1080\" class=\"wp-block-cover__image-background wp-image-2576\" alt=\"\" src=\"https:\/\/lrhs.swlauriersb.qc.ca\/wp-content\/uploads\/sites\/7\/2024\/10\/Black-Minimal-Back-To-Campus-Instagram-Post-2.png\" style=\"object-position:51% 0%\" data-object-fit=\"cover\" data-object-position=\"51% 0%\" title=\"\" srcset=\"https:\/\/lrhs.swlauriersb.qc.ca\/wp-content\/uploads\/sites\/7\/2024\/10\/Black-Minimal-Back-To-Campus-Instagram-Post-2.png 1080w, https:\/\/lrhs.swlauriersb.qc.ca\/wp-content\/uploads\/sites\/7\/2024\/10\/Black-Minimal-Back-To-Campus-Instagram-Post-2-300x300.png 300w, https:\/\/lrhs.swlauriersb.qc.ca\/wp-content\/uploads\/sites\/7\/2024\/10\/Black-Minimal-Back-To-Campus-Instagram-Post-2-1024x1024.png 1024w, https:\/\/lrhs.swlauriersb.qc.ca\/wp-content\/uploads\/sites\/7\/2024\/10\/Black-Minimal-Back-To-Campus-Instagram-Post-2-150x150.png 150w, https:\/\/lrhs.swlauriersb.qc.ca\/wp-content\/uploads\/sites\/7\/2024\/10\/Black-Minimal-Back-To-Campus-Instagram-Post-2-768x768.png 768w\" sizes=\"(max-width: 1080px) 100vw, 1080px\" \/><div class=\"wp-block-cover__inner-container is-layout-constrained wp-block-cover-is-layout-constrained\">\n<p class=\"has-text-align-center has-large-font-size\"><strong>Cliquez sur le lien ci-joint, pour avoir toutes les informations les PORTES OUVERTES, concernant chaques \u00e9tablissements scolaires post-secondaire de la r\u00e9gion M\u00e9tropolitaine et des Laurentides.<\/strong><\/p>\n\n\n\n<div class=\"wp-block-buttons is-content-justification-center is-layout-flex wp-container-core-buttons-is-layout-1 wp-block-buttons-is-layout-flex\">\n<div class=\"wp-block-button has-custom-font-size has-medium-font-size\"><a class=\"wp-block-button__link wp-element-button\" href=\"https:\/\/lrhs.swlauriersb.qc.ca\/wp-content\/uploads\/sites\/7\/2025\/10\/OPEN-HOUSE-EVENTS-2025-2026-FSL.pdf\">PORTES OUVERTES &#8211; 2025-2026<i class=\"icon-arrow-left\"><\/i><\/a><\/div>\n<\/div>\n<\/div><\/div>\n\n\n\n<h2 class=\"wp-block-heading has-text-align-center\"> Information post secondaire<\/h2>\n\n\n\n<p>Si vous avez plus amples questions, vous pouvez joindre Mme Danielle St-Jacques au poste 8422 ou envoyer votre question par courriel \u00e0 dstjacques@swlauriersb.qc.ca. Elle est notre conseill\u00e8re d\u2019orientation.<\/p>\n","protected":false},"excerpt":{"rendered":"<p>Information post secondaire Si vous avez plus amples questions, vous pouvez joindre Mme Danielle St-Jacques au poste 8422 ou envoyer votre question par courriel \u00e0 dstjacques@swlauriersb.qc.ca. Elle est notre conseill\u00e8re d\u2019orientation.<\/p>\n","protected":false},"author":93,"featured_media":0,"parent":0,"menu_order":0,"comment_status":"closed","ping_status":"closed","template":"","meta":{"_acf_changed":false,"_relevanssi_hide_post":"","_relevanssi_hide_content":"","_relevanssi_pin_for_all":"","_relevanssi_pin_keywords":"","_relevanssi_unpin_keywords":"","_relevanssi_related_keywords":"","_relevanssi_related_include_ids":"","_relevanssi_related_exclude_ids":"","_relevanssi_related_no_append":"","_relevanssi_related_not_related":"","_relevanssi_related_posts":"","_relevanssi_noindex_reason":"","footnotes":""},"acf":[],"_links":{"self":[{"href":"https:\/\/lrhs.swlauriersb.qc.ca\/fr\/wp-json\/wp\/v2\/pages\/3389"}],"collection":[{"href":"https:\/\/lrhs.swlauriersb.qc.ca\/fr\/wp-json\/wp\/v2\/pages"}],"about":[{"href":"https:\/\/lrhs.swlauriersb.qc.ca\/fr\/wp-json\/wp\/v2\/types\/page"}],"author":[{"embeddable":true,"href":"https:\/\/lrhs.swlauriersb.qc.ca\/fr\/wp-json\/wp\/v2\/users\/93"}],"replies":[{"embeddable":true,"href":"https:\/\/lrhs.swlauriersb.qc.ca\/fr\/wp-json\/wp\/v2\/comments?post=3389"}],"version-history":[{"count":7,"href":"https:\/\/lrhs.swlauriersb.qc.ca\/fr\/wp-json\/wp\/v2\/pages\/3389\/revisions"}],"predecessor-version":[{"id":5379,"href":"https:\/\/lrhs.swlauriersb.qc.ca\/fr\/wp-json\/wp\/v2\/pages\/3389\/revisions\/5379"}],"wp:attachment":[{"href":"https:\/\/lrhs.swlauriersb.qc.ca\/fr\/wp-json\/wp\/v2\/media?parent=3389"}],"curies":[{"name":"wp","href":"https:\/\/api.w.org\/{rel}","templated":true}]}}