{"id":3295,"date":"2025-02-04T12:52:13","date_gmt":"2025-02-04T17:52:13","guid":{"rendered":"https:\/\/lrhs.swlauriersb.qc.ca\/lrhs-school-store\/"},"modified":"2026-03-11T14:21:03","modified_gmt":"2026-03-11T18:21:03","slug":"lrhs-school-store","status":"publish","type":"page","link":"https:\/\/lrhs.swlauriersb.qc.ca\/fr\/lrhs-school-store\/","title":{"rendered":"Boutique scolaire"},"content":{"rendered":"\n<h2 class=\"wp-block-heading has-text-align-center\">LRHS &#8211; Boutique scolaire<\/h2>\n\n\n\n<div class=\"wp-block-media-text is-stacked-on-mobile\"><figure class=\"wp-block-media-text__media\"><img decoding=\"async\" width=\"1024\" height=\"529\" src=\"https:\/\/lrhs.swlauriersb.qc.ca\/wp-content\/uploads\/sites\/7\/2024\/10\/Your-paragraph-text-3-1024x529.png\" alt=\"\" class=\"wp-image-2874 size-full\" title=\"\" srcset=\"https:\/\/lrhs.swlauriersb.qc.ca\/wp-content\/uploads\/sites\/7\/2024\/10\/Your-paragraph-text-3-1024x529.png 1024w, https:\/\/lrhs.swlauriersb.qc.ca\/wp-content\/uploads\/sites\/7\/2024\/10\/Your-paragraph-text-3-300x155.png 300w, https:\/\/lrhs.swlauriersb.qc.ca\/wp-content\/uploads\/sites\/7\/2024\/10\/Your-paragraph-text-3-768x396.png 768w, https:\/\/lrhs.swlauriersb.qc.ca\/wp-content\/uploads\/sites\/7\/2024\/10\/Your-paragraph-text-3-1536x793.png 1536w, https:\/\/lrhs.swlauriersb.qc.ca\/wp-content\/uploads\/sites\/7\/2024\/10\/Your-paragraph-text-3.png 1920w\" sizes=\"(max-width: 1024px) 100vw, 1024px\" \/><\/figure><div class=\"wp-block-media-text__content\">\n<p class=\"has-text-align-center has-black-color has-white-background-color has-text-color has-background has-link-color wp-elements-744480863e58923b3dce2d0de9378f23\">LRHS est fi\u00e8re de pouvoir vous offrir des v\u00eatements personalis\u00e9s.<br><strong><mark class=\"has-inline-color has-background-red-color\">LE MAGASIN EST FERM\u00c9<\/mark><\/strong><\/p>\n\n\n\n<div class=\"wp-block-buttons is-content-justification-center is-layout-flex wp-container-core-buttons-is-layout-1 wp-block-buttons-is-layout-flex\">\n<div class=\"wp-block-button\"><a class=\"wp-block-button__link wp-element-button\" href=\"https:\/\/lrhs.swlauriersb.qc.ca\/wp-content\/uploads\/sites\/7\/2024\/10\/Orderform-fr.pdf\">Formulaire de commande <i class=\"icon-arrow-left\"><\/i><\/a><\/div>\n<\/div>\n<\/div><\/div>\n\n\n\n<figure class=\"wp-block-gallery has-nested-images columns-default wp-block-gallery-1 is-layout-flex wp-block-gallery-is-layout-flex\">\n<figure class=\"wp-block-image size-large\"><img decoding=\"async\" width=\"1024\" height=\"519\" data-id=\"2856\" src=\"https:\/\/lrhs.swlauriersb.qc.ca\/wp-content\/uploads\/sites\/7\/2024\/10\/Your-paragraph-text-1-1024x519.png\" alt=\"\" class=\"wp-image-2856\" title=\"\" srcset=\"https:\/\/lrhs.swlauriersb.qc.ca\/wp-content\/uploads\/sites\/7\/2024\/10\/Your-paragraph-text-1-1024x519.png 1024w, https:\/\/lrhs.swlauriersb.qc.ca\/wp-content\/uploads\/sites\/7\/2024\/10\/Your-paragraph-text-1-300x152.png 300w, https:\/\/lrhs.swlauriersb.qc.ca\/wp-content\/uploads\/sites\/7\/2024\/10\/Your-paragraph-text-1-768x390.png 768w, https:\/\/lrhs.swlauriersb.qc.ca\/wp-content\/uploads\/sites\/7\/2024\/10\/Your-paragraph-text-1-1536x779.png 1536w, https:\/\/lrhs.swlauriersb.qc.ca\/wp-content\/uploads\/sites\/7\/2024\/10\/Your-paragraph-text-1.png 1920w\" sizes=\"(max-width: 1024px) 100vw, 1024px\" \/><\/figure>\n\n\n\n<figure class=\"wp-block-image size-large\"><img decoding=\"async\" width=\"1024\" height=\"613\" data-id=\"2859\" src=\"https:\/\/lrhs.swlauriersb.qc.ca\/wp-content\/uploads\/sites\/7\/2024\/10\/LRHS-Gilet-a-manche-longue-BlancMarineNoirGris-20.00-Logo-au-choix-1024x613.png\" alt=\"\" class=\"wp-image-2859\" title=\"\" srcset=\"https:\/\/lrhs.swlauriersb.qc.ca\/wp-content\/uploads\/sites\/7\/2024\/10\/LRHS-Gilet-a-manche-longue-BlancMarineNoirGris-20.00-Logo-au-choix-1024x613.png 1024w, https:\/\/lrhs.swlauriersb.qc.ca\/wp-content\/uploads\/sites\/7\/2024\/10\/LRHS-Gilet-a-manche-longue-BlancMarineNoirGris-20.00-Logo-au-choix-300x180.png 300w, https:\/\/lrhs.swlauriersb.qc.ca\/wp-content\/uploads\/sites\/7\/2024\/10\/LRHS-Gilet-a-manche-longue-BlancMarineNoirGris-20.00-Logo-au-choix-768x460.png 768w, https:\/\/lrhs.swlauriersb.qc.ca\/wp-content\/uploads\/sites\/7\/2024\/10\/LRHS-Gilet-a-manche-longue-BlancMarineNoirGris-20.00-Logo-au-choix-1536x920.png 1536w, https:\/\/lrhs.swlauriersb.qc.ca\/wp-content\/uploads\/sites\/7\/2024\/10\/LRHS-Gilet-a-manche-longue-BlancMarineNoirGris-20.00-Logo-au-choix.png 1920w\" sizes=\"(max-width: 1024px) 100vw, 1024px\" \/><\/figure>\n\n\n\n<figure class=\"wp-block-image size-large\"><img decoding=\"async\" width=\"1024\" height=\"640\" data-id=\"2861\" src=\"https:\/\/lrhs.swlauriersb.qc.ca\/wp-content\/uploads\/sites\/7\/2024\/10\/Untitled-design-2-1-1024x640.png\" alt=\"\" class=\"wp-image-2861\" title=\"\" srcset=\"https:\/\/lrhs.swlauriersb.qc.ca\/wp-content\/uploads\/sites\/7\/2024\/10\/Untitled-design-2-1-1024x640.png 1024w, https:\/\/lrhs.swlauriersb.qc.ca\/wp-content\/uploads\/sites\/7\/2024\/10\/Untitled-design-2-1-300x188.png 300w, https:\/\/lrhs.swlauriersb.qc.ca\/wp-content\/uploads\/sites\/7\/2024\/10\/Untitled-design-2-1-768x480.png 768w, https:\/\/lrhs.swlauriersb.qc.ca\/wp-content\/uploads\/sites\/7\/2024\/10\/Untitled-design-2-1-1536x960.png 1536w, https:\/\/lrhs.swlauriersb.qc.ca\/wp-content\/uploads\/sites\/7\/2024\/10\/Untitled-design-2-1.png 1920w\" sizes=\"(max-width: 1024px) 100vw, 1024px\" \/><\/figure>\n\n\n\n<figure class=\"wp-block-image size-large\"><img decoding=\"async\" width=\"1024\" height=\"702\" data-id=\"2863\" src=\"https:\/\/lrhs.swlauriersb.qc.ca\/wp-content\/uploads\/sites\/7\/2024\/10\/Your-paragraph-text-2-1024x702.png\" alt=\"\" class=\"wp-image-2863\" title=\"\" srcset=\"https:\/\/lrhs.swlauriersb.qc.ca\/wp-content\/uploads\/sites\/7\/2024\/10\/Your-paragraph-text-2-1024x702.png 1024w, https:\/\/lrhs.swlauriersb.qc.ca\/wp-content\/uploads\/sites\/7\/2024\/10\/Your-paragraph-text-2-300x206.png 300w, https:\/\/lrhs.swlauriersb.qc.ca\/wp-content\/uploads\/sites\/7\/2024\/10\/Your-paragraph-text-2-768x526.png 768w, https:\/\/lrhs.swlauriersb.qc.ca\/wp-content\/uploads\/sites\/7\/2024\/10\/Your-paragraph-text-2-1536x1053.png 1536w, https:\/\/lrhs.swlauriersb.qc.ca\/wp-content\/uploads\/sites\/7\/2024\/10\/Your-paragraph-text-2.png 1920w\" sizes=\"(max-width: 1024px) 100vw, 1024px\" \/><\/figure>\n\n\n\n<figure class=\"wp-block-image size-large\"><img decoding=\"async\" width=\"1024\" height=\"658\" data-id=\"2865\" src=\"https:\/\/lrhs.swlauriersb.qc.ca\/wp-content\/uploads\/sites\/7\/2024\/10\/LRHS-Pantalon-jogging-Gris-Noir-Marine-30.00-Logo-au-choix--1024x658.png\" alt=\"\" class=\"wp-image-2865\" title=\"\" srcset=\"https:\/\/lrhs.swlauriersb.qc.ca\/wp-content\/uploads\/sites\/7\/2024\/10\/LRHS-Pantalon-jogging-Gris-Noir-Marine-30.00-Logo-au-choix--1024x658.png 1024w, https:\/\/lrhs.swlauriersb.qc.ca\/wp-content\/uploads\/sites\/7\/2024\/10\/LRHS-Pantalon-jogging-Gris-Noir-Marine-30.00-Logo-au-choix--300x193.png 300w, https:\/\/lrhs.swlauriersb.qc.ca\/wp-content\/uploads\/sites\/7\/2024\/10\/LRHS-Pantalon-jogging-Gris-Noir-Marine-30.00-Logo-au-choix--768x494.png 768w, https:\/\/lrhs.swlauriersb.qc.ca\/wp-content\/uploads\/sites\/7\/2024\/10\/LRHS-Pantalon-jogging-Gris-Noir-Marine-30.00-Logo-au-choix--1536x988.png 1536w, https:\/\/lrhs.swlauriersb.qc.ca\/wp-content\/uploads\/sites\/7\/2024\/10\/LRHS-Pantalon-jogging-Gris-Noir-Marine-30.00-Logo-au-choix-.png 1896w\" sizes=\"(max-width: 1024px) 100vw, 1024px\" \/><\/figure>\n\n\n\n<figure class=\"wp-block-image size-large\"><img decoding=\"async\" width=\"1024\" height=\"570\" data-id=\"2871\" src=\"https:\/\/lrhs.swlauriersb.qc.ca\/wp-content\/uploads\/sites\/7\/2024\/10\/LRHS-Gilet-a-manche-courte-Blanc-Marine-Gris-Noir-12.00-Logo-au-choix--1024x570.png\" alt=\"\" class=\"wp-image-2871\" title=\"\" srcset=\"https:\/\/lrhs.swlauriersb.qc.ca\/wp-content\/uploads\/sites\/7\/2024\/10\/LRHS-Gilet-a-manche-courte-Blanc-Marine-Gris-Noir-12.00-Logo-au-choix--1024x570.png 1024w, https:\/\/lrhs.swlauriersb.qc.ca\/wp-content\/uploads\/sites\/7\/2024\/10\/LRHS-Gilet-a-manche-courte-Blanc-Marine-Gris-Noir-12.00-Logo-au-choix--300x167.png 300w, https:\/\/lrhs.swlauriersb.qc.ca\/wp-content\/uploads\/sites\/7\/2024\/10\/LRHS-Gilet-a-manche-courte-Blanc-Marine-Gris-Noir-12.00-Logo-au-choix--768x428.png 768w, https:\/\/lrhs.swlauriersb.qc.ca\/wp-content\/uploads\/sites\/7\/2024\/10\/LRHS-Gilet-a-manche-courte-Blanc-Marine-Gris-Noir-12.00-Logo-au-choix--1536x855.png 1536w, https:\/\/lrhs.swlauriersb.qc.ca\/wp-content\/uploads\/sites\/7\/2024\/10\/LRHS-Gilet-a-manche-courte-Blanc-Marine-Gris-Noir-12.00-Logo-au-choix-.png 1920w\" sizes=\"(max-width: 1024px) 100vw, 1024px\" \/><\/figure>\n\n\n\n<figure class=\"wp-block-image size-large\"><img decoding=\"async\" width=\"1024\" height=\"493\" data-id=\"2868\" src=\"https:\/\/lrhs.swlauriersb.qc.ca\/wp-content\/uploads\/sites\/7\/2024\/10\/LRHS-Sac-Fourre-tout-Creme-Noir-Marine-15.00-Logo-au-choix-Peut-etre-personnalise-avec-TON-NOM-a-un-cout-supplementaire-1024x493.png\" alt=\"\" class=\"wp-image-2868\" title=\"\" srcset=\"https:\/\/lrhs.swlauriersb.qc.ca\/wp-content\/uploads\/sites\/7\/2024\/10\/LRHS-Sac-Fourre-tout-Creme-Noir-Marine-15.00-Logo-au-choix-Peut-etre-personnalise-avec-TON-NOM-a-un-cout-supplementaire-1024x493.png 1024w, https:\/\/lrhs.swlauriersb.qc.ca\/wp-content\/uploads\/sites\/7\/2024\/10\/LRHS-Sac-Fourre-tout-Creme-Noir-Marine-15.00-Logo-au-choix-Peut-etre-personnalise-avec-TON-NOM-a-un-cout-supplementaire-300x144.png 300w, https:\/\/lrhs.swlauriersb.qc.ca\/wp-content\/uploads\/sites\/7\/2024\/10\/LRHS-Sac-Fourre-tout-Creme-Noir-Marine-15.00-Logo-au-choix-Peut-etre-personnalise-avec-TON-NOM-a-un-cout-supplementaire-768x370.png 768w, https:\/\/lrhs.swlauriersb.qc.ca\/wp-content\/uploads\/sites\/7\/2024\/10\/LRHS-Sac-Fourre-tout-Creme-Noir-Marine-15.00-Logo-au-choix-Peut-etre-personnalise-avec-TON-NOM-a-un-cout-supplementaire-1536x739.png 1536w, https:\/\/lrhs.swlauriersb.qc.ca\/wp-content\/uploads\/sites\/7\/2024\/10\/LRHS-Sac-Fourre-tout-Creme-Noir-Marine-15.00-Logo-au-choix-Peut-etre-personnalise-avec-TON-NOM-a-un-cout-supplementaire.png 1920w\" sizes=\"(max-width: 1024px) 100vw, 1024px\" \/><\/figure>\n\n\n\n<figure class=\"wp-block-image size-full\"><img decoding=\"async\" width=\"1000\" height=\"804\" data-id=\"2854\" src=\"https:\/\/lrhs.swlauriersb.qc.ca\/wp-content\/uploads\/sites\/7\/2024\/10\/Coton-Ouate-LRHS-GrisNoirB.png\" alt=\"\" class=\"wp-image-2854\" title=\"\" srcset=\"https:\/\/lrhs.swlauriersb.qc.ca\/wp-content\/uploads\/sites\/7\/2024\/10\/Coton-Ouate-LRHS-GrisNoirB.png 1000w, https:\/\/lrhs.swlauriersb.qc.ca\/wp-content\/uploads\/sites\/7\/2024\/10\/Coton-Ouate-LRHS-GrisNoirB-300x241.png 300w, https:\/\/lrhs.swlauriersb.qc.ca\/wp-content\/uploads\/sites\/7\/2024\/10\/Coton-Ouate-LRHS-GrisNoirB-768x617.png 768w\" sizes=\"(max-width: 1000px) 100vw, 1000px\" \/><\/figure>\n<\/figure>\n","protected":false},"excerpt":{"rendered":"<p>LRHS &#8211; Boutique scolaire<\/p>\n","protected":false},"author":93,"featured_media":0,"parent":0,"menu_order":0,"comment_status":"closed","ping_status":"closed","template":"","meta":{"_acf_changed":false,"_relevanssi_hide_post":"","_relevanssi_hide_content":"","_relevanssi_pin_for_all":"","_relevanssi_pin_keywords":"","_relevanssi_unpin_keywords":"","_relevanssi_related_keywords":"","_relevanssi_related_include_ids":"","_relevanssi_related_exclude_ids":"","_relevanssi_related_no_append":"","_relevanssi_related_not_related":"","_relevanssi_related_posts":"","_relevanssi_noindex_reason":"","footnotes":""},"acf":[],"_links":{"self":[{"href":"https:\/\/lrhs.swlauriersb.qc.ca\/fr\/wp-json\/wp\/v2\/pages\/3295"}],"collection":[{"href":"https:\/\/lrhs.swlauriersb.qc.ca\/fr\/wp-json\/wp\/v2\/pages"}],"about":[{"href":"https:\/\/lrhs.swlauriersb.qc.ca\/fr\/wp-json\/wp\/v2\/types\/page"}],"author":[{"embeddable":true,"href":"https:\/\/lrhs.swlauriersb.qc.ca\/fr\/wp-json\/wp\/v2\/users\/93"}],"replies":[{"embeddable":true,"href":"https:\/\/lrhs.swlauriersb.qc.ca\/fr\/wp-json\/wp\/v2\/comments?post=3295"}],"version-history":[{"count":8,"href":"https:\/\/lrhs.swlauriersb.qc.ca\/fr\/wp-json\/wp\/v2\/pages\/3295\/revisions"}],"predecessor-version":[{"id":6120,"href":"https:\/\/lrhs.swlauriersb.qc.ca\/fr\/wp-json\/wp\/v2\/pages\/3295\/revisions\/6120"}],"wp:attachment":[{"href":"https:\/\/lrhs.swlauriersb.qc.ca\/fr\/wp-json\/wp\/v2\/media?parent=3295"}],"curies":[{"name":"wp","href":"https:\/\/api.w.org\/{rel}","templated":true}]}}