{"id":3289,"date":"2024-08-22T14:24:10","date_gmt":"2024-08-22T18:24:10","guid":{"rendered":"https:\/\/lrhs.swlauriersb.qc.ca\/educational-project\/"},"modified":"2024-11-08T15:49:27","modified_gmt":"2024-11-08T20:49:27","slug":"educational-project","status":"publish","type":"page","link":"https:\/\/lrhs.swlauriersb.qc.ca\/fr\/educational-project\/","title":{"rendered":"Projet \u00c9ducationnel"},"content":{"rendered":"\n<h1 class=\"wp-block-heading has-text-align-center\">Projet \u00c9ducationnel &#8211; 2024-2027<\/h1>\n\n\n\n<div class=\"wp-block-cover has-medium-font-size wp-elements-cec06316a85ee1b5a62018ecd803c767\" style=\"min-height:232px;aspect-ratio:unset;\"><span aria-hidden=\"true\" class=\"wp-block-cover__background has-background-dim\" style=\"background-color:#3d4146\"><\/span><img decoding=\"async\" width=\"626\" height=\"435\" class=\"wp-block-cover__image-background wp-image-3229\" alt=\"\" src=\"https:\/\/lrhs.swlauriersb.qc.ca\/wp-content\/uploads\/sites\/7\/2024\/11\/project-education-1.avif\" data-object-fit=\"cover\" title=\"\" srcset=\"https:\/\/lrhs.swlauriersb.qc.ca\/wp-content\/uploads\/sites\/7\/2024\/11\/project-education-1.avif 626w, https:\/\/lrhs.swlauriersb.qc.ca\/wp-content\/uploads\/sites\/7\/2024\/11\/project-education-1-300x208.avif 300w\" sizes=\"(max-width: 626px) 100vw, 626px\" \/><div class=\"wp-block-cover__inner-container is-layout-constrained wp-block-cover-is-layout-constrained\">\n<div class=\"wp-block-buttons is-layout-flex wp-block-buttons-is-layout-flex\">\n<div class=\"wp-block-button has-custom-font-size has-medium-font-size\"><a class=\"wp-block-button__link has-background wp-element-button\" href=\"https:\/\/lrhs.swlauriersb.qc.ca\/wp-content\/uploads\/sites\/7\/2024\/08\/EducationalProjectLaurentianRegionalHighSchool2024-2027-fr.pdf\" style=\"background-color:#856657\">Projet \u00e9ducationnel &#8211; \u00c9cole secondaire r\u00e9gionale Laurentian 2024-2027<i class=\"icon-arrow-left\"><\/i><\/a><\/div>\n<\/div>\n<\/div><\/div>\n\n\n\n<div class=\"wp-block-buttons is-layout-flex wp-block-buttons-is-layout-flex\"><\/div>\n","protected":false},"excerpt":{"rendered":"<p>Projet \u00c9ducationnel &#8211; 2024-2027<\/p>\n","protected":false},"author":93,"featured_media":0,"parent":0,"menu_order":0,"comment_status":"closed","ping_status":"closed","template":"","meta":{"_acf_changed":false,"_relevanssi_hide_post":"","_relevanssi_hide_content":"","_relevanssi_pin_for_all":"","_relevanssi_pin_keywords":"","_relevanssi_unpin_keywords":"","_relevanssi_related_keywords":"","_relevanssi_related_include_ids":"","_relevanssi_related_exclude_ids":"","_relevanssi_related_no_append":"","_relevanssi_related_not_related":"","_relevanssi_related_posts":"","_relevanssi_noindex_reason":"","footnotes":""},"acf":[],"_links":{"self":[{"href":"https:\/\/lrhs.swlauriersb.qc.ca\/fr\/wp-json\/wp\/v2\/pages\/3289"}],"collection":[{"href":"https:\/\/lrhs.swlauriersb.qc.ca\/fr\/wp-json\/wp\/v2\/pages"}],"about":[{"href":"https:\/\/lrhs.swlauriersb.qc.ca\/fr\/wp-json\/wp\/v2\/types\/page"}],"author":[{"embeddable":true,"href":"https:\/\/lrhs.swlauriersb.qc.ca\/fr\/wp-json\/wp\/v2\/users\/93"}],"replies":[{"embeddable":true,"href":"https:\/\/lrhs.swlauriersb.qc.ca\/fr\/wp-json\/wp\/v2\/comments?post=3289"}],"version-history":[{"count":3,"href":"https:\/\/lrhs.swlauriersb.qc.ca\/fr\/wp-json\/wp\/v2\/pages\/3289\/revisions"}],"predecessor-version":[{"id":3294,"href":"https:\/\/lrhs.swlauriersb.qc.ca\/fr\/wp-json\/wp\/v2\/pages\/3289\/revisions\/3294"}],"wp:attachment":[{"href":"https:\/\/lrhs.swlauriersb.qc.ca\/fr\/wp-json\/wp\/v2\/media?parent=3289"}],"curies":[{"name":"wp","href":"https:\/\/api.w.org\/{rel}","templated":true}]}}