{"id":1966,"date":"2024-08-30T13:52:07","date_gmt":"2024-08-30T17:52:07","guid":{"rendered":"https:\/\/lrhs.swlauriersb.qc.ca\/?page_id=1966"},"modified":"2024-08-30T13:52:09","modified_gmt":"2024-08-30T17:52:09","slug":"modification-des-horaires","status":"publish","type":"page","link":"https:\/\/lrhs.swlauriersb.qc.ca\/fr\/modification-des-horaires\/","title":{"rendered":"Modification des horaires"},"content":{"rendered":"\n<h2 class=\"wp-block-heading has-text-align-center\">Modification des horaires<\/h2>\n\n\n\n<div class=\"wp-block-buttons is-content-justification-center is-layout-flex wp-container-core-buttons-is-layout-1 wp-block-buttons-is-layout-flex\">\n<div class=\"wp-block-button\"><a class=\"wp-block-button__link has-black-color has-text-color has-background has-link-color wp-element-button\" href=\"https:\/\/forms.office.com\/Pages\/ResponsePage.aspx?id=NG7kwsLSMEKwnZDthsdOH4zyLDheJxpMkw6YhZ-aEoZUM0dMVVpKVjNLWDZKRUwxTFRPRkJBQVNKRS4u\" style=\"background:linear-gradient(135deg,rgb(238,238,238) 0%,rgb(169,184,195) 0%)\" target=\"_blank\" rel=\"noopener\">Formulaire &#8211; Modification des horaires<i class=\"icon-arrow-left\"><\/i><\/a><\/div>\n<\/div>\n\n\n\n<p class=\"has-text-align-center\">Les \u00e9l\u00e8ves auront jusqu\u2019au jeudi\u202f12\u202fseptembre\u202f2024 pour demander une modification \u00e0 leur horaire.&nbsp; Pour demander une modification d\u2019horaire, les \u00e9l\u00e8ves doivent remplir ce <a href=\"https:\/\/forms.office.com\/Pages\/ResponsePage.aspx?id=NG7kwsLSMEKwnZDthsdOH4zyLDheJxpMkw6YhZ-aEoZUM0dMVVpKVjNLWDZKRUwxTFRPRkJBQVNKRS4u\" target=\"_blank\" rel=\"noreferrer noopener\">formulaire<\/a> . Le formulaire se fermera automatiquement \u00e0 23h30 le jeudi 12 septembre 2024.&nbsp; Aucune demande ne sera trait\u00e9e apr\u00e8s cette date.&nbsp; Les \u00e9l\u00e8ves recevront leur horaire modifi\u00e9 au plus tard le mardi\u202f17\u202fseptembre\u202f2024, si la demande a \u00e9t\u00e9 accept\u00e9e. \u202fSeule une raison valable sera accept\u00e9e pour modifier un horaire.&nbsp; Veuillez noter que nous ferons de notre mieux pour r\u00e9pondre \u00e0 votre demande et modifier l\u2019horaire.&nbsp; Cependant, nous devons tenir compte de plusieurs facteurs et certaines demandes peuvent \u00eatre refus\u00e9es. \u202f\u202fIl est \u00e9galement important de noter que tous les horaires peuvent \u00eatre modifi\u00e9s par l\u2019administration \u00e0 tout moment.&nbsp; Nous vous recommandons d\u2019attendre le mardi\u202f3\u202fseptembre\u202f2024 avant de demander une modification.\u202f\u202f\u202f\u202f&nbsp;&nbsp;<\/p>\n","protected":false},"excerpt":{"rendered":"<p>Modification des horaires Les \u00e9l\u00e8ves auront jusqu\u2019au jeudi\u202f12\u202fseptembre\u202f2024 pour demander une modification \u00e0 leur horaire.&nbsp; Pour demander une modification d\u2019horaire, les \u00e9l\u00e8ves doivent remplir ce formulaire . Le formulaire se fermera automatiquement \u00e0 23h30 le jeudi 12 septembre 2024.&nbsp; Aucune demande ne sera trait\u00e9e apr\u00e8s cette date.&nbsp; Les \u00e9l\u00e8ves recevront leur horaire modifi\u00e9 au plus&hellip;<\/p>\n","protected":false},"author":93,"featured_media":0,"parent":0,"menu_order":0,"comment_status":"closed","ping_status":"closed","template":"","meta":{"_acf_changed":false,"_relevanssi_hide_post":"","_relevanssi_hide_content":"","_relevanssi_pin_for_all":"","_relevanssi_pin_keywords":"","_relevanssi_unpin_keywords":"","_relevanssi_related_keywords":"","_relevanssi_related_include_ids":"","_relevanssi_related_exclude_ids":"","_relevanssi_related_no_append":"","_relevanssi_related_not_related":"","_relevanssi_related_posts":"","_relevanssi_noindex_reason":"","footnotes":""},"acf":[],"_links":{"self":[{"href":"https:\/\/lrhs.swlauriersb.qc.ca\/fr\/wp-json\/wp\/v2\/pages\/1966"}],"collection":[{"href":"https:\/\/lrhs.swlauriersb.qc.ca\/fr\/wp-json\/wp\/v2\/pages"}],"about":[{"href":"https:\/\/lrhs.swlauriersb.qc.ca\/fr\/wp-json\/wp\/v2\/types\/page"}],"author":[{"embeddable":true,"href":"https:\/\/lrhs.swlauriersb.qc.ca\/fr\/wp-json\/wp\/v2\/users\/93"}],"replies":[{"embeddable":true,"href":"https:\/\/lrhs.swlauriersb.qc.ca\/fr\/wp-json\/wp\/v2\/comments?post=1966"}],"version-history":[{"count":1,"href":"https:\/\/lrhs.swlauriersb.qc.ca\/fr\/wp-json\/wp\/v2\/pages\/1966\/revisions"}],"predecessor-version":[{"id":1969,"href":"https:\/\/lrhs.swlauriersb.qc.ca\/fr\/wp-json\/wp\/v2\/pages\/1966\/revisions\/1969"}],"wp:attachment":[{"href":"https:\/\/lrhs.swlauriersb.qc.ca\/fr\/wp-json\/wp\/v2\/media?parent=1966"}],"curies":[{"name":"wp","href":"https:\/\/api.w.org\/{rel}","templated":true}]}}